{"id":285,"date":"2025-05-06T20:01:12","date_gmt":"2025-05-06T19:01:12","guid":{"rendered":"https:\/\/influx8.de\/?page_id=285"},"modified":"2026-03-12T11:59:35","modified_gmt":"2026-03-12T10:59:35","slug":"technische-dokumentation","status":"publish","type":"page","link":"https:\/\/influx8.de\/?page_id=285","title":{"rendered":"Technische Details"},"content":{"rendered":"\n<div class=\"wp-block-group alignwide is-content-justification-space-between is-layout-flex wp-container-core-group-is-layout-b585a4aa wp-block-group-is-layout-flex\">\n<div class=\"wp-block-group is-layout-flex wp-container-core-group-is-layout-7a92790e wp-block-group-is-layout-flex\"><div class=\"is-default-size wp-block-site-logo\"><a href=\"https:\/\/influx8.de\/\" class=\"custom-logo-link\" rel=\"home\"><img loading=\"lazy\" decoding=\"async\" width=\"2008\" height=\"1264\" src=\"https:\/\/influx8.de\/wp-content\/uploads\/2024\/09\/Logo_24_8.png\" class=\"custom-logo\" alt=\"Influx\" srcset=\"https:\/\/influx8.de\/wp-content\/uploads\/2024\/09\/Logo_24_8.png 2008w, https:\/\/influx8.de\/wp-content\/uploads\/2024\/09\/Logo_24_8-300x189.png 300w, https:\/\/influx8.de\/wp-content\/uploads\/2024\/09\/Logo_24_8-1024x645.png 1024w, https:\/\/influx8.de\/wp-content\/uploads\/2024\/09\/Logo_24_8-768x483.png 768w, https:\/\/influx8.de\/wp-content\/uploads\/2024\/09\/Logo_24_8-1536x967.png 1536w\" sizes=\"auto, (max-width: 2008px) 100vw, 2008px\" \/><\/a><\/div>\n\n\n<figure class=\"wp-block-image size-full is-resized\"><a href=\"https:\/\/influx8.de\/?page_id=183&amp;lang=en\"><img loading=\"lazy\" decoding=\"async\" width=\"640\" height=\"384\" src=\"https:\/\/influx8.de\/wp-content\/uploads\/2024\/09\/Flag_of_the_United_Kingdom_3-5.svg_.png\" alt=\"\" class=\"wp-image-221\" style=\"width:45px;height:auto\" srcset=\"https:\/\/influx8.de\/wp-content\/uploads\/2024\/09\/Flag_of_the_United_Kingdom_3-5.svg_.png 640w, https:\/\/influx8.de\/wp-content\/uploads\/2024\/09\/Flag_of_the_United_Kingdom_3-5.svg_-300x180.png 300w\" sizes=\"auto, (max-width: 640px) 100vw, 640px\" \/><\/a><\/figure>\n\n\n<h1 class=\"has-link-color wp-elements-d6202aa7d337f2ce08aedc8ed261a84e wp-block-site-title\"><a href=\"https:\/\/influx8.de\" target=\"_self\" rel=\"home\">Influx<\/a><\/h1><\/div>\n\n\n<nav class=\"is-responsive items-justified-right wp-block-navigation is-content-justification-right is-layout-flex wp-container-core-navigation-is-layout-f665d2b5 wp-block-navigation-is-layout-flex\" aria-label=\"Navigation 5\" \n\t\t data-wp-interactive=\"core\/navigation\" data-wp-context='{\"overlayOpenedBy\":{\"click\":false,\"hover\":false,\"focus\":false},\"type\":\"overlay\",\"roleAttribute\":\"\",\"ariaLabel\":\"Men\\u00fc\"}'><button aria-haspopup=\"dialog\" aria-label=\"Men\u00fc \u00f6ffnen\" class=\"wp-block-navigation__responsive-container-open\" \n\t\t\t\tdata-wp-on--click=\"actions.openMenuOnClick\"\n\t\t\t\tdata-wp-on--keydown=\"actions.handleMenuKeydown\"\n\t\t\t><svg width=\"24\" height=\"24\" xmlns=\"http:\/\/www.w3.org\/2000\/svg\" viewBox=\"0 0 24 24\" aria-hidden=\"true\" focusable=\"false\"><path d=\"M4 7.5h16v1.5H4z\"><\/path><path d=\"M4 15h16v1.5H4z\"><\/path><\/svg><\/button>\n\t\t\t\t<div class=\"wp-block-navigation__responsive-container\"  id=\"modal-1\" \n\t\t\t\tdata-wp-class--has-modal-open=\"state.isMenuOpen\"\n\t\t\t\tdata-wp-class--is-menu-open=\"state.isMenuOpen\"\n\t\t\t\tdata-wp-watch=\"callbacks.initMenu\"\n\t\t\t\tdata-wp-on--keydown=\"actions.handleMenuKeydown\"\n\t\t\t\tdata-wp-on--focusout=\"actions.handleMenuFocusout\"\n\t\t\t\ttabindex=\"-1\"\n\t\t\t>\n\t\t\t\t\t<div class=\"wp-block-navigation__responsive-close\" tabindex=\"-1\">\n\t\t\t\t\t\t<div class=\"wp-block-navigation__responsive-dialog\" \n\t\t\t\tdata-wp-bind--aria-modal=\"state.ariaModal\"\n\t\t\t\tdata-wp-bind--aria-label=\"state.ariaLabel\"\n\t\t\t\tdata-wp-bind--role=\"state.roleAttribute\"\n\t\t\t>\n\t\t\t\t\t\t\t<button aria-label=\"Men\u00fc schlie\u00dfen\" class=\"wp-block-navigation__responsive-container-close\" \n\t\t\t\tdata-wp-on--click=\"actions.closeMenuOnClick\"\n\t\t\t><svg xmlns=\"http:\/\/www.w3.org\/2000\/svg\" viewBox=\"0 0 24 24\" width=\"24\" height=\"24\" aria-hidden=\"true\" focusable=\"false\"><path d=\"m13.06 12 6.47-6.47-1.06-1.06L12 10.94 5.53 4.47 4.47 5.53 10.94 12l-6.47 6.47 1.06 1.06L12 13.06l6.47 6.47 1.06-1.06L13.06 12Z\"><\/path><\/svg><\/button>\n\t\t\t\t\t\t\t<div class=\"wp-block-navigation__responsive-container-content\" \n\t\t\t\tdata-wp-watch=\"callbacks.focusFirstElement\"\n\t\t\t id=\"modal-1-content\">\n\t\t\t\t\t\t\t\t<ul class=\"wp-block-navigation__container is-responsive items-justified-right wp-block-navigation\"><li class=\" wp-block-navigation-item wp-block-navigation-link\"><a class=\"wp-block-navigation-item__content\"  href=\"https:\/\/influx8.de\/?page_id=140\"><span class=\"wp-block-navigation-item__label\">\u00dcber uns<\/span><\/a><\/li><li class=\" wp-block-navigation-item wp-block-navigation-link\"><a class=\"wp-block-navigation-item__content\"  href=\"https:\/\/influx8.de\/?page_id=285\"><span class=\"wp-block-navigation-item__label\">Technische Details<\/span><\/a><\/li><li class=\" wp-block-navigation-item wp-block-navigation-link\"><a class=\"wp-block-navigation-item__content\"  href=\"https:\/\/influx8.de\/?page_id=151\"><span class=\"wp-block-navigation-item__label\">Technische L\u00f6sungen<\/span><\/a><\/li><li class=\" wp-block-navigation-item wp-block-navigation-link\"><a class=\"wp-block-navigation-item__content\"  href=\"https:\/\/influx8.de\/?page_id=110\"><span class=\"wp-block-navigation-item__label\">Datenschutzerkl\u00e4rung<\/span><\/a><\/li><\/ul>\n\t\t\t\t\t\t\t<\/div>\n\t\t\t\t\t\t<\/div>\n\t\t\t\t\t<\/div>\n\t\t\t\t<\/div><\/nav><\/div>\n\n\n\n<div class=\"wp-block-group alignfull has-accent-5-background-color has-background has-global-padding is-layout-constrained wp-container-core-group-is-layout-669513ed wp-block-group-is-layout-constrained\" style=\"margin-top:0;margin-bottom:0;padding-top:var(--wp--preset--spacing--50);padding-right:var(--wp--preset--spacing--50);padding-bottom:var(--wp--preset--spacing--50);padding-left:var(--wp--preset--spacing--50)\">\n<div class=\"wp-block-columns alignwide is-layout-flex wp-container-core-columns-is-layout-1da03c2a wp-block-columns-is-layout-flex\">\n<div class=\"wp-block-column is-vertically-aligned-stretch is-layout-flow wp-block-column-is-layout-flow\" style=\"flex-basis:50%\">\n<div class=\"wp-block-group is-vertical is-content-justification-stretch is-layout-flex wp-container-core-group-is-layout-444d5ee8 wp-block-group-is-layout-flex\" style=\"min-height:100%\">\n<p class=\"has-heading-font-family has-x-large-font-size\" style=\"line-height:0.5\"><strong>Influx-VA<\/strong><\/p>\n\n\n\n<div class=\"wp-block-columns wp-container-content-9cfa9a5a is-layout-flex wp-container-core-columns-is-layout-28f84493 wp-block-columns-is-layout-flex\">\n<div class=\"wp-block-column has-medium-font-size is-layout-flow wp-block-column-is-layout-flow\" style=\"flex-basis:100%\">\n<div class=\"wp-block-columns is-layout-flex wp-container-core-columns-is-layout-28f84493 wp-block-columns-is-layout-flex\">\n<div class=\"wp-block-column is-layout-flow wp-block-column-is-layout-flow\" style=\"flex-basis:100%\">\n<p><\/p>\n\n\n\n<p>Die Influx-VA verfolgt ein klares Ziel: eine leistungsf\u00e4hige, umweltfreundliche und technisch stabile Windkraftl\u00f6sung mit vertikaler Achse zu schaffen, die das volle Potenzial moderner Steuerungstechnologie aussch\u00f6pft. Durch die pr\u00e4zise Abstimmung der Fl\u00fcgel- und Rotorbewegung auf die Windverh\u00e4ltnisse soll nicht nur die Effizienz maximiert, sondern auch ein neuer Ma\u00dfstab im Bereich der vertikalen Windenergieanlagen gesetzt werden.<\/p>\n\n\n\n<p class=\"has-heading-font-family has-large-font-size\" style=\"line-height:1.2\"><\/p>\n<\/div>\n<\/div>\n<\/div>\n<\/div>\n<\/div>\n<\/div>\n\n\n\n<div class=\"wp-block-column is-vertically-aligned-center is-layout-flow wp-block-column-is-layout-flow\" style=\"flex-basis:50%\">\n<figure class=\"wp-block-image aligncenter size-full is-resized has-custom-border is-style-rounded is-style-rounded--2\" style=\"margin-top:0;margin-right:0;margin-bottom:0;margin-left:0\"><img loading=\"lazy\" decoding=\"async\" width=\"1536\" height=\"864\" src=\"https:\/\/influx8.de\/wp-content\/uploads\/2026\/03\/Influx-VA_Industriegebiet-edited.png\" alt=\"\" class=\"wp-image-376\" style=\"border-style:none;border-width:0px;object-fit:cover;width:578px;height:auto\" srcset=\"https:\/\/influx8.de\/wp-content\/uploads\/2026\/03\/Influx-VA_Industriegebiet-edited.png 1536w, https:\/\/influx8.de\/wp-content\/uploads\/2026\/03\/Influx-VA_Industriegebiet-edited-300x169.png 300w, https:\/\/influx8.de\/wp-content\/uploads\/2026\/03\/Influx-VA_Industriegebiet-edited-1024x576.png 1024w, https:\/\/influx8.de\/wp-content\/uploads\/2026\/03\/Influx-VA_Industriegebiet-edited-768x432.png 768w\" sizes=\"auto, (max-width: 1536px) 100vw, 1536px\" \/><\/figure>\n<\/div>\n<\/div>\n<\/div>\n\n\n\n<div class=\"wp-block-group alignfull has-base-background-color has-background has-global-padding is-layout-constrained wp-container-core-group-is-layout-d89aad35 wp-block-group-is-layout-constrained\" style=\"margin-top:0;margin-bottom:0;padding-top:var(--wp--preset--spacing--50);padding-right:var(--wp--preset--spacing--50);padding-bottom:var(--wp--preset--spacing--50);padding-left:var(--wp--preset--spacing--50)\">\n<div class=\"wp-block-columns alignwide is-layout-flex wp-container-core-columns-is-layout-549b0c86 wp-block-columns-is-layout-flex\">\n<div class=\"wp-block-column has-global-padding is-content-justification-center is-layout-constrained wp-container-core-column-is-layout-04084e34 wp-block-column-is-layout-constrained\" style=\"flex-basis:40%\">\n<figure style=\"padding-top:0;padding-right:0;padding-bottom:0;padding-left:0\" class=\"wp-block-video\"><video height=\"1080\" style=\"aspect-ratio: 1920 \/ 1080;\" width=\"1920\" controls loop src=\"https:\/\/influx8.de\/wp-content\/uploads\/2025\/07\/influx-schraeg_7725.mp4\"><\/video><\/figure>\n\n\n\n<p style=\"font-size:0.8rem\">Das Video zeigt die Rotor- und Fl\u00fcgelbewegung einer Influx-VA Windkraftmaschine w\u00e4hrend einer vollst\u00e4ndigen Umdrehung. Delay-Zeiten steuern gezielt den Rotordrehablauf, um aerodynamische Effekte und den Energieertrag zu optimieren. Segmentmarkierungen und Symbole (Wind \/ Motor) verdeutlichen, in welchen Phasen der Fl\u00fcgelmotor aktiv ist und in welchen Phasen Energie aus dem Wind gewonnen wird. Die Fl\u00fcgelpositionierung erfolgt unabh\u00e4ngig vom Rotorwinkel, gesteuert durch ein vordefiniertes Bewegungsprofil.<br>Gezeigt wird eine vollst\u00e4ndige Rotation (360\u00b0), visualisiert aus einem Steuerprofil in Excel.<\/p>\n<\/div>\n\n\n\n<div class=\"wp-block-column is-layout-flow wp-container-core-column-is-layout-119bc444 wp-block-column-is-layout-flow\" style=\"flex-basis:60%\">\n<p class=\"has-heading-font-family has-x-large-font-size\" style=\"line-height:1.2\">Influx-VA die innovative Windkraftanlage mit vertikaler Achse<\/p>\n\n\n\n<div class=\"wp-block-columns is-layout-flex wp-container-core-columns-is-layout-87beb0d0 wp-block-columns-is-layout-flex\">\n<div class=\"wp-block-column is-layout-flow wp-block-column-is-layout-flow\">\n<p class=\"wp-container-content-9cfa9a5a\">Die Influx-VA ist ein fortschrittliches Windkraftsystem mit vertikaler Achse, das sich durch motorisch verstellbare Fl\u00fcgel und prozessorgesteuerte Mechanik auszeichnet. Diese Anlage soll die Nachteile herk\u00f6mmlicher vertikaler Windkraftanlagen, wie Ineffizienz und Resonanzprobleme,<br>\u00fcberwinden und durch zus\u00e4tzliche Energieeffekte eine h\u00f6here Energieausbeute erzielen. Mit einem geplanten Energieertrag von 20 bis 50 % der theoretischen Windenergie strebt die Influx-VA hohe Betriebssicherheit und Wirtschaftlichkeit an. <\/p>\n\n\n\n<p class=\"wp-container-content-9cfa9a5a\">.<br><\/p>\n\n\n\n<p class=\"wp-container-content-9cfa9a5a\"><\/p>\n<\/div>\n\n\n\n<div class=\"wp-block-column is-layout-flow wp-block-column-is-layout-flow\">\n<p>Der aktuelle Entwicklungsstand umfasst die<br>Konstruktion, intelligente Steuerungssysteme und die Vorbereitung eines Prototyps, der am Fraunhofer IWES getestet werden soll. Diese innovative Technologie k\u00f6nnte die Effizienz von<br>Windkraftanlagen mit vertikaler Achse deutlich steigern, was von der DLR und dem Fraunhofer IWES unterst\u00fctzt wird. Die Influx-VA hat das Potenzial, eine umweltfreundlichere und sozial<br>vertr\u00e4glichere Alternative zu bestehenden Windkraftanlagen zu bieten und einen wichtigen Beitrag zur Bek\u00e4mpfung des Klimawandels zu leisten.<\/p>\n<\/div>\n<\/div>\n<\/div>\n<\/div>\n<\/div>\n\n\n\n<div class=\"wp-block-group alignfull has-accent-5-background-color has-background has-global-padding is-layout-constrained wp-container-core-group-is-layout-669513ed wp-block-group-is-layout-constrained\" style=\"margin-top:0;margin-bottom:0;padding-top:var(--wp--preset--spacing--50);padding-right:var(--wp--preset--spacing--50);padding-bottom:var(--wp--preset--spacing--50);padding-left:var(--wp--preset--spacing--50)\">\n<div class=\"wp-block-columns alignwide is-layout-flex wp-container-core-columns-is-layout-1da03c2a wp-block-columns-is-layout-flex\">\n<div class=\"wp-block-column is-vertically-aligned-stretch is-layout-flow wp-block-column-is-layout-flow\" style=\"flex-basis:50%\">\n<div class=\"wp-block-group is-vertical is-content-justification-stretch is-layout-flex wp-container-core-group-is-layout-444d5ee8 wp-block-group-is-layout-flex\" style=\"min-height:100%\">\n<p class=\"has-heading-font-family has-x-large-font-size\" style=\"line-height:0.5\"><strong>Influx-VA<\/strong> 52m Model<\/p>\n\n\n\n<div class=\"wp-block-columns wp-container-content-9cfa9a5a is-layout-flex wp-container-core-columns-is-layout-28f84493 wp-block-columns-is-layout-flex\">\n<div class=\"wp-block-column has-medium-font-size is-layout-flow wp-block-column-is-layout-flow\" style=\"flex-basis:100%\">\n<div class=\"wp-block-columns is-layout-flex wp-container-core-columns-is-layout-28f84493 wp-block-columns-is-layout-flex\">\n<div class=\"wp-block-column is-layout-flow wp-block-column-is-layout-flow\" style=\"flex-basis:100%\">\n<p><\/p>\n\n\n\n<p>Die Influx-VA wird in einer Zielgr\u00f6\u00dfe von 52 m entwickelt, weil diese Bauh\u00f6he einen technisch und wirtschaftlich sinnvollen Kompromiss zwischen Leistungsf\u00e4higkeit, Genehmigungsf\u00e4higkeit und Marktchancen darstellt.<\/p>\n\n\n\n<p><br>Im Vergleich zu gro\u00dfen, klassischen Windenergieanlagen mit horizontaler Achse liegt die 52-m-Klasse deutlich unterhalb der \u00fcblichen Gro\u00dfanlagen. Dadurch ergeben sich Vorteile bei:<\/p>\n\n\n\n<ul class=\"wp-block-list\">\n<li>Genehmigungsverfahren und Standortwahl<\/li>\n\n\n\n<li>Integration in bestehende Infrastrukturen<\/li>\n\n\n\n<li>Akzeptanz im Umfeld bebauter oder gewerblich genutzter Fl\u00e4chen Transport, Montage und Wartung<\/li>\n<\/ul>\n\n\n\n<p><br>Gleichzeitig ist die Anlage gro\u00df genug, um das Maschinenprinzip der Influx-VA unter realistischen Leistungsbedingungen zu untersuchen und energetisch einzuordnen. Die 52-m-Version dient daher als Referenzsystem f\u00fcr die modellbasierte Bewertung des Energieertrags und f\u00fcr die sp\u00e4tere Skalierbarkeit des Konzepts.<\/p>\n\n\n\n<p><br><strong>Wichtig ist:<\/strong> Die 52-m-Anlage wird im Rahmen der aktuellen Projektphase nicht gebaut. Sie stellt das Zielsystem dar, auf dessen Basis Simulationen, Vergleichsanalysen und technische Konzepte entwickelt werden. Die experimentelle Validierung erfolgt zun\u00e4chst an einem kleineren Prototyp, der das Funktionsprinzip \u00fcberpr\u00fcft und die Aussagen zur 52-m-Version pr\u00e4zisiert.<\/p>\n\n\n\n<p><br>Mit der Influx 52 M wird bewusst eine Anlagengr\u00f6\u00dfe gew\u00e4hlt, die wirtschaftlich relevant ist, ohne in direkte Konkurrenz zu bestehenden Gro\u00dfanlagen zu treten. Sie soll dort eingesetzt werden, wo klassische Systeme aus baulichen, genehmigungsrechtlichen oder standortspezifischen Gr\u00fcnden nicht realisierbar sind.<\/p>\n\n\n\n<p class=\"has-heading-font-family has-large-font-size\" style=\"line-height:1.2\"><\/p>\n<\/div>\n<\/div>\n<\/div>\n<\/div>\n<\/div>\n<\/div>\n\n\n\n<div class=\"wp-block-column is-vertically-aligned-center is-layout-flow wp-block-column-is-layout-flow\" style=\"flex-basis:50%\">\n<figure class=\"wp-block-image aligncenter size-full is-resized has-custom-border is-style-rounded is-style-rounded--3\" style=\"margin-top:0;margin-right:0;margin-bottom:0;margin-left:0\"><img loading=\"lazy\" decoding=\"async\" width=\"1024\" height=\"1536\" src=\"https:\/\/influx8.de\/wp-content\/uploads\/2026\/03\/Industriemodell-mit-.png\" alt=\"\" class=\"wp-image-381\" style=\"border-style:none;border-width:0px;object-fit:cover;width:578px;height:auto\" srcset=\"https:\/\/influx8.de\/wp-content\/uploads\/2026\/03\/Industriemodell-mit-.png 1024w, https:\/\/influx8.de\/wp-content\/uploads\/2026\/03\/Industriemodell-mit--200x300.png 200w, https:\/\/influx8.de\/wp-content\/uploads\/2026\/03\/Industriemodell-mit--683x1024.png 683w, https:\/\/influx8.de\/wp-content\/uploads\/2026\/03\/Industriemodell-mit--768x1152.png 768w\" sizes=\"auto, (max-width: 1024px) 100vw, 1024px\" \/><\/figure>\n<\/div>\n<\/div>\n<\/div>\n\n\n\n<div class=\"wp-block-group alignwide has-global-padding is-layout-constrained wp-block-group-is-layout-constrained\">\n<div class=\"wp-block-columns alignwide is-layout-flex wp-container-core-columns-is-layout-28f84493 wp-block-columns-is-layout-flex\">\n<div class=\"wp-block-column is-layout-flow wp-block-column-is-layout-flow\" style=\"flex-basis:66.66%\">\n<h2 class=\"wp-block-heading\">Dynamik und Herausforderungen der Rotorblattbewegung<\/h2>\n\n\n\n<p>Bei einer Windkraftanlage mit vertikaler Achse, wie der Influx\u2011VA, ver\u00e4ndert sich die Windrichtung aus Sicht eines einzelnen Rotorblatts st\u00e4ndig im Verlauf einer Umdrehung. Diese wechselnden Str\u00f6mungsverh\u00e4ltnisse stellen hohe Anforderungen an die Steuerung und Auslegung der Fl\u00fcgel.<\/p>\n\n\n\n<p>Im Detail durchl\u00e4uft jedes Rotorblatt vier charakteristische Positionen:<\/p>\n\n\n\n<ol class=\"wp-block-list\">\n<li><strong>Fl\u00fcgelspitze im Wind:<\/strong><br>Der Wind trifft direkt auf die Spitze des Blatts \u2013 hier entsteht nahezu keine Drehwirkung.<\/li>\n\n\n\n<li><strong>Optimale Anstr\u00f6mung:<\/strong><br>Der Wind trifft in einem idealen Winkel auf die volle Fl\u00e4che des Fl\u00fcgels und erzeugt den maximalen Antrieb.<\/li>\n\n\n\n<li><strong>Windschattenbereich:<\/strong><br>Das Blatt befindet sich auf der R\u00fcckseite der Rotation, abgeschirmt vom Wind \u2013 die Antriebskraft sinkt deutlich.<\/li>\n\n\n\n<li><strong>Gegenwindzone :<\/strong><br>In der kritischsten Phase wirkt der Wind mit voller Kraft gegen die Bewegungsrichtung des Blatts \u2013 ein erheblicher Widerstand entsteht.<\/li>\n<\/ol>\n\n\n\n<p>Diese st\u00e4ndig wechselnden Kr\u00e4fte machen deutlich, wie anspruchsvoll die Steuerung eines vertikalen Rotors ist \u2013 insbesondere im Vergleich zu konventionellen Windr\u00e4dern mit horizontaler Achse.<\/p>\n\n\n\n<p>Dort bewegen sich die Spitzen der Rotorbl\u00e4tter mit dem 6- bis 8\u2011fachen der Windgeschwindigkeit \u2013 so schnell, dass V\u00f6gel oft keine Chance haben, ihnen auszuweichen. Die Influx\u2011VA dagegen arbeitet als <strong>Widerstandsl\u00e4ufer<\/strong>, bei dem sich alle Rotorbewegungen langsamer als der Wind selbst vollziehen. Das macht sie nicht nur energieeffizient, sondern auch deutlich <strong>umweltfreundlicher und tiervertr\u00e4glicher<\/strong>.<\/p>\n<\/div>\n\n\n\n<div class=\"wp-block-column is-layout-flow wp-block-column-is-layout-flow\" style=\"flex-basis:33.33%\">\n<figure class=\"wp-block-image size-full\"><img loading=\"lazy\" decoding=\"async\" width=\"481\" height=\"343\" src=\"https:\/\/influx8.de\/wp-content\/uploads\/2024\/09\/influx-3.png\" alt=\"\" class=\"wp-image-125\" srcset=\"https:\/\/influx8.de\/wp-content\/uploads\/2024\/09\/influx-3.png 481w, https:\/\/influx8.de\/wp-content\/uploads\/2024\/09\/influx-3-300x214.png 300w\" sizes=\"auto, (max-width: 481px) 100vw, 481px\" \/><\/figure>\n\n\n\n<figure class=\"wp-block-image size-large\"><img loading=\"lazy\" decoding=\"async\" width=\"1024\" height=\"663\" src=\"https:\/\/influx8.de\/wp-content\/uploads\/2025\/06\/Grafik-influx-1024x663.png\" alt=\"\" class=\"wp-image-323\" srcset=\"https:\/\/influx8.de\/wp-content\/uploads\/2025\/06\/Grafik-influx-1024x663.png 1024w, https:\/\/influx8.de\/wp-content\/uploads\/2025\/06\/Grafik-influx-300x194.png 300w, https:\/\/influx8.de\/wp-content\/uploads\/2025\/06\/Grafik-influx-768x497.png 768w, https:\/\/influx8.de\/wp-content\/uploads\/2025\/06\/Grafik-influx-1536x995.png 1536w, https:\/\/influx8.de\/wp-content\/uploads\/2025\/06\/Grafik-influx-2048x1327.png 2048w\" sizes=\"auto, (max-width: 1024px) 100vw, 1024px\" \/><\/figure>\n<\/div>\n<\/div>\n<\/div>\n\n\n\n<p><\/p>\n\n\n\n<p><\/p>\n\n\n\n<p><\/p>\n\n\n\n<div class=\"wp-block-group alignfull has-accent-5-background-color has-background has-global-padding is-layout-constrained wp-container-core-group-is-layout-d89aad35 wp-block-group-is-layout-constrained\" style=\"margin-top:0;margin-bottom:0;padding-top:var(--wp--preset--spacing--50);padding-right:var(--wp--preset--spacing--50);padding-bottom:var(--wp--preset--spacing--50);padding-left:var(--wp--preset--spacing--50)\">\n<div class=\"wp-block-columns alignwide is-layout-flex wp-container-core-columns-is-layout-1da03c2a wp-block-columns-is-layout-flex\">\n<div class=\"wp-block-column is-vertically-aligned-center is-layout-flow wp-block-column-is-layout-flow\" style=\"flex-basis:60%\">\n<figure class=\"wp-block-image size-full is-style-rounded is-style-rounded--4\"><img loading=\"lazy\" decoding=\"async\" width=\"1210\" height=\"873\" src=\"https:\/\/influx8.de\/wp-content\/uploads\/2025\/06\/Abb_4.png\" alt=\"\" class=\"wp-image-332\" style=\"aspect-ratio:4\/3;object-fit:contain\" srcset=\"https:\/\/influx8.de\/wp-content\/uploads\/2025\/06\/Abb_4.png 1210w, https:\/\/influx8.de\/wp-content\/uploads\/2025\/06\/Abb_4-300x216.png 300w, https:\/\/influx8.de\/wp-content\/uploads\/2025\/06\/Abb_4-1024x739.png 1024w, https:\/\/influx8.de\/wp-content\/uploads\/2025\/06\/Abb_4-768x554.png 768w\" sizes=\"auto, (max-width: 1210px) 100vw, 1210px\" \/><\/figure>\n<\/div>\n\n\n\n<div class=\"wp-block-column is-layout-flow wp-block-column-is-layout-flow\" style=\"flex-basis:40%\">\n<h2 class=\"wp-block-heading\"><strong>Influx-VA Doku-Katalog<\/strong><\/h2>\n\n\n\n<p>Der <strong>Doku-Katalog<\/strong> bietet einen kompakten \u00dcberblick \u00fcber das innovative Windkraftkonzept Influx-VA.<br>Er enth\u00e4lt technische Grundlagen, Simulationsdaten, Prototypentwicklungen und eine \u00dcbersicht der wichtigsten Projektdokumente.<\/p>\n\n\n\n<p>Ideal f\u00fcr Partner, F\u00f6rderer und Interessierte, die sich schnell und fundiert in das Projekt einarbeiten m\u00f6chten.<\/p>\n\n\n\n<div class=\"wp-block-buttons is-layout-flex wp-block-buttons-is-layout-flex\">\n<div class=\"wp-block-button\"><a class=\"wp-block-button__link wp-element-button\" href=\"https:\/\/bahne-823.de\/s\/jna2Z3bNyQCxsqp\">Lade dir hier unser <strong>Doku-Katalog<\/strong> (PDF)<\/a><\/div>\n<\/div>\n<\/div>\n<\/div>\n<\/div>\n","protected":false},"excerpt":{"rendered":"<p>Influx-VA Die Influx-VA verfolgt ein klares Ziel: eine leistungsf\u00e4hige, umweltfreundliche und technisch stabile Windkraftl\u00f6sung mit vertikaler Achse zu schaffen, die das volle Potenzial moderner Steuerungstechnologie aussch\u00f6pft. Durch die pr\u00e4zise Abstimmung der Fl\u00fcgel- und Rotorbewegung auf die Windverh\u00e4ltnisse soll nicht nur die Effizienz maximiert, sondern auch ein neuer Ma\u00dfstab im Bereich der vertikalen Windenergieanlagen gesetzt werden. [&hellip;]<\/p>\n","protected":false},"author":1,"featured_media":0,"parent":0,"menu_order":0,"comment_status":"closed","ping_status":"closed","template":"","meta":{"footnotes":""},"class_list":["post-285","page","type-page","status-publish","hentry"],"_links":{"self":[{"href":"https:\/\/influx8.de\/index.php?rest_route=\/wp\/v2\/pages\/285","targetHints":{"allow":["GET"]}}],"collection":[{"href":"https:\/\/influx8.de\/index.php?rest_route=\/wp\/v2\/pages"}],"about":[{"href":"https:\/\/influx8.de\/index.php?rest_route=\/wp\/v2\/types\/page"}],"author":[{"embeddable":true,"href":"https:\/\/influx8.de\/index.php?rest_route=\/wp\/v2\/users\/1"}],"replies":[{"embeddable":true,"href":"https:\/\/influx8.de\/index.php?rest_route=%2Fwp%2Fv2%2Fcomments&post=285"}],"version-history":[{"count":22,"href":"https:\/\/influx8.de\/index.php?rest_route=\/wp\/v2\/pages\/285\/revisions"}],"predecessor-version":[{"id":383,"href":"https:\/\/influx8.de\/index.php?rest_route=\/wp\/v2\/pages\/285\/revisions\/383"}],"wp:attachment":[{"href":"https:\/\/influx8.de\/index.php?rest_route=%2Fwp%2Fv2%2Fmedia&parent=285"}],"curies":[{"name":"wp","href":"https:\/\/api.w.org\/{rel}","templated":true}]}}