{"id":151,"date":"2024-12-09T17:26:10","date_gmt":"2024-12-09T16:26:10","guid":{"rendered":"https:\/\/influx8.de\/?page_id=151"},"modified":"2025-02-25T12:01:37","modified_gmt":"2025-02-25T11:01:37","slug":"technische-loesungen","status":"publish","type":"page","link":"https:\/\/influx8.de\/?page_id=151","title":{"rendered":"Technische L\u00f6sungen"},"content":{"rendered":"\n<div class=\"wp-block-group alignwide is-content-justification-space-between is-layout-flex wp-container-core-group-is-layout-b585a4aa wp-block-group-is-layout-flex\">\n<div class=\"wp-block-group is-layout-flex wp-container-core-group-is-layout-7a92790e wp-block-group-is-layout-flex\"><div class=\"is-default-size wp-block-site-logo\"><a href=\"https:\/\/influx8.de\/\" class=\"custom-logo-link\" rel=\"home\"><img loading=\"lazy\" decoding=\"async\" width=\"2008\" height=\"1264\" src=\"https:\/\/influx8.de\/wp-content\/uploads\/2024\/09\/Logo_24_8.png\" class=\"custom-logo\" alt=\"Influx\" srcset=\"https:\/\/influx8.de\/wp-content\/uploads\/2024\/09\/Logo_24_8.png 2008w, https:\/\/influx8.de\/wp-content\/uploads\/2024\/09\/Logo_24_8-300x189.png 300w, https:\/\/influx8.de\/wp-content\/uploads\/2024\/09\/Logo_24_8-1024x645.png 1024w, https:\/\/influx8.de\/wp-content\/uploads\/2024\/09\/Logo_24_8-768x483.png 768w, https:\/\/influx8.de\/wp-content\/uploads\/2024\/09\/Logo_24_8-1536x967.png 1536w\" sizes=\"auto, (max-width: 2008px) 100vw, 2008px\" \/><\/a><\/div>\n\n\n<figure class=\"wp-block-image size-full is-resized\"><a href=\"https:\/\/influx8.de\/?page_id=183&amp;lang=en\"><img loading=\"lazy\" decoding=\"async\" width=\"640\" height=\"384\" src=\"https:\/\/influx8.de\/wp-content\/uploads\/2024\/09\/Flag_of_the_United_Kingdom_3-5.svg_.png\" alt=\"\" class=\"wp-image-221\" style=\"width:45px;height:auto\" srcset=\"https:\/\/influx8.de\/wp-content\/uploads\/2024\/09\/Flag_of_the_United_Kingdom_3-5.svg_.png 640w, https:\/\/influx8.de\/wp-content\/uploads\/2024\/09\/Flag_of_the_United_Kingdom_3-5.svg_-300x180.png 300w\" sizes=\"auto, (max-width: 640px) 100vw, 640px\" \/><\/a><\/figure>\n\n\n<h1 class=\"has-link-color wp-elements-d6202aa7d337f2ce08aedc8ed261a84e wp-block-site-title\"><a href=\"https:\/\/influx8.de\" target=\"_self\" rel=\"home\">Influx<\/a><\/h1><\/div>\n\n\n<nav class=\"is-responsive items-justified-right wp-block-navigation is-content-justification-right is-layout-flex wp-container-core-navigation-is-layout-f665d2b5 wp-block-navigation-is-layout-flex\" aria-label=\"Navigation 5\" \n\t\t data-wp-interactive=\"core\/navigation\" data-wp-context='{\"overlayOpenedBy\":{\"click\":false,\"hover\":false,\"focus\":false},\"type\":\"overlay\",\"roleAttribute\":\"\",\"ariaLabel\":\"Men\\u00fc\"}'><button aria-haspopup=\"dialog\" aria-label=\"Men\u00fc \u00f6ffnen\" class=\"wp-block-navigation__responsive-container-open\" \n\t\t\t\tdata-wp-on--click=\"actions.openMenuOnClick\"\n\t\t\t\tdata-wp-on--keydown=\"actions.handleMenuKeydown\"\n\t\t\t><svg width=\"24\" height=\"24\" xmlns=\"http:\/\/www.w3.org\/2000\/svg\" viewBox=\"0 0 24 24\" aria-hidden=\"true\" focusable=\"false\"><path d=\"M4 7.5h16v1.5H4z\"><\/path><path d=\"M4 15h16v1.5H4z\"><\/path><\/svg><\/button>\n\t\t\t\t<div class=\"wp-block-navigation__responsive-container\"  id=\"modal-1\" \n\t\t\t\tdata-wp-class--has-modal-open=\"state.isMenuOpen\"\n\t\t\t\tdata-wp-class--is-menu-open=\"state.isMenuOpen\"\n\t\t\t\tdata-wp-watch=\"callbacks.initMenu\"\n\t\t\t\tdata-wp-on--keydown=\"actions.handleMenuKeydown\"\n\t\t\t\tdata-wp-on--focusout=\"actions.handleMenuFocusout\"\n\t\t\t\ttabindex=\"-1\"\n\t\t\t>\n\t\t\t\t\t<div class=\"wp-block-navigation__responsive-close\" tabindex=\"-1\">\n\t\t\t\t\t\t<div class=\"wp-block-navigation__responsive-dialog\" \n\t\t\t\tdata-wp-bind--aria-modal=\"state.ariaModal\"\n\t\t\t\tdata-wp-bind--aria-label=\"state.ariaLabel\"\n\t\t\t\tdata-wp-bind--role=\"state.roleAttribute\"\n\t\t\t>\n\t\t\t\t\t\t\t<button aria-label=\"Men\u00fc schlie\u00dfen\" class=\"wp-block-navigation__responsive-container-close\" \n\t\t\t\tdata-wp-on--click=\"actions.closeMenuOnClick\"\n\t\t\t><svg xmlns=\"http:\/\/www.w3.org\/2000\/svg\" viewBox=\"0 0 24 24\" width=\"24\" height=\"24\" aria-hidden=\"true\" focusable=\"false\"><path d=\"m13.06 12 6.47-6.47-1.06-1.06L12 10.94 5.53 4.47 4.47 5.53 10.94 12l-6.47 6.47 1.06 1.06L12 13.06l6.47 6.47 1.06-1.06L13.06 12Z\"><\/path><\/svg><\/button>\n\t\t\t\t\t\t\t<div class=\"wp-block-navigation__responsive-container-content\" \n\t\t\t\tdata-wp-watch=\"callbacks.focusFirstElement\"\n\t\t\t id=\"modal-1-content\">\n\t\t\t\t\t\t\t\t<ul class=\"wp-block-navigation__container is-responsive items-justified-right wp-block-navigation\"><li class=\" wp-block-navigation-item wp-block-navigation-link\"><a class=\"wp-block-navigation-item__content\"  href=\"https:\/\/influx8.de\/?page_id=140\"><span class=\"wp-block-navigation-item__label\">\u00dcber uns<\/span><\/a><\/li><li class=\" wp-block-navigation-item wp-block-navigation-link\"><a class=\"wp-block-navigation-item__content\"  href=\"https:\/\/influx8.de\/?page_id=285\"><span class=\"wp-block-navigation-item__label\">Technische Details<\/span><\/a><\/li><li class=\" wp-block-navigation-item wp-block-navigation-link\"><a class=\"wp-block-navigation-item__content\"  href=\"https:\/\/influx8.de\/?page_id=151\"><span class=\"wp-block-navigation-item__label\">Technische L\u00f6sungen<\/span><\/a><\/li><li class=\" wp-block-navigation-item wp-block-navigation-link\"><a class=\"wp-block-navigation-item__content\"  href=\"https:\/\/influx8.de\/?page_id=110\"><span class=\"wp-block-navigation-item__label\">Datenschutzerkl\u00e4rung<\/span><\/a><\/li><\/ul>\n\t\t\t\t\t\t\t<\/div>\n\t\t\t\t\t\t<\/div>\n\t\t\t\t\t<\/div>\n\t\t\t\t<\/div><\/nav><\/div>\n\n\n\n<div class=\"wp-block-group alignfull has-accent-background-color has-background has-global-padding is-layout-constrained wp-container-core-group-is-layout-669513ed wp-block-group-is-layout-constrained\" style=\"margin-top:0;margin-bottom:0;padding-top:var(--wp--preset--spacing--50);padding-right:var(--wp--preset--spacing--50);padding-bottom:var(--wp--preset--spacing--50);padding-left:var(--wp--preset--spacing--50)\">\n<div class=\"wp-block-columns alignwide is-layout-flex wp-container-core-columns-is-layout-1da03c2a wp-block-columns-is-layout-flex\">\n<div class=\"wp-block-column is-vertically-aligned-stretch is-layout-flow wp-block-column-is-layout-flow\" style=\"flex-basis:50%\">\n<h3 class=\"wp-block-heading\" id=\"block-aa857116-8572-481d-968b-1d347dbbe4f8\"><br>Carstens BGA Connector<\/h3>\n\n\n\n<p id=\"block-d8ef796f-c021-4d12-9563-44894290c1c1\">Unser innovativer &#8222;Carstens BGA Connector&#8220; kombiniert die Vorteile gemeinsamer und getrennter Leiterplatten und erm\u00f6glicht eine mechanische Verbindung sowie einen effizienten Datenaustausch mit einer beeindruckenden Datenrate von bis zu 20 GHz. In Verbindung mit unserer zuverl\u00e4ssigen Prozessorbaugruppe Z3 bietet er eine schnelle und stabile Verbindung zu den ben\u00f6tigten elektronischen Baugruppen. Dies schafft die Grundlage f\u00fcr die Implementierung neuer Funktionen bei gleichzeitig h\u00f6chster Signalqualit\u00e4t und Sicherheit zwischen den Baugruppen.<\/p>\n\n\n\n<p id=\"block-d8ef796f-c021-4d12-9563-44894290c1c1\"><\/p>\n<\/div>\n\n\n\n<div class=\"wp-block-column is-vertically-aligned-center is-layout-flow wp-block-column-is-layout-flow\" style=\"flex-basis:50%\">\n<figure class=\"wp-block-image size-full is-resized is-style-rounded is-style-rounded--2\"><img loading=\"lazy\" decoding=\"async\" width=\"302\" height=\"336\" src=\"https:\/\/influx8.de\/wp-content\/uploads\/2024\/09\/Bild1.jpg\" alt=\"\" class=\"wp-image-134\" style=\"aspect-ratio:0.75;object-fit:cover;width:433px;height:auto\" srcset=\"https:\/\/influx8.de\/wp-content\/uploads\/2024\/09\/Bild1.jpg 302w, https:\/\/influx8.de\/wp-content\/uploads\/2024\/09\/Bild1-270x300.jpg 270w\" sizes=\"auto, (max-width: 302px) 100vw, 302px\" \/><\/figure>\n<\/div>\n<\/div>\n<\/div>\n\n\n\n<div class=\"wp-block-group alignfull has-global-padding is-layout-constrained wp-container-core-group-is-layout-d89aad35 wp-block-group-is-layout-constrained\" style=\"margin-top:0;margin-bottom:0;padding-top:var(--wp--preset--spacing--50);padding-right:var(--wp--preset--spacing--50);padding-bottom:var(--wp--preset--spacing--50);padding-left:var(--wp--preset--spacing--50)\">\n<div class=\"wp-block-columns alignwide are-vertically-aligned-center is-layout-flex wp-container-core-columns-is-layout-47c06fe3 wp-block-columns-is-layout-flex\">\n<div class=\"wp-block-column is-vertically-aligned-center is-layout-flow wp-block-column-is-layout-flow\" style=\"flex-basis:50%\">\n<h2 class=\"wp-block-heading\">Die Vorteile des Carstens BGA Connector<\/h2>\n\n\n\n<ul style=\"line-height:1.75\" class=\"wp-block-list is-style-checkmark-list\">\n<li>gemeinsame Leiterplatine<\/li>\n\n\n\n<li>mechanisch Verbindung<\/li>\n\n\n\n<li>beeindruckenden Datenrate<\/li>\n<\/ul>\n\n\n\n<div class=\"wp-block-buttons is-layout-flex wp-block-buttons-is-layout-flex\"><\/div>\n<\/div>\n\n\n\n<div class=\"wp-block-column is-vertically-aligned-center is-layout-flow wp-block-column-is-layout-flow\" style=\"flex-basis:50%\">\n<figure class=\"wp-block-image aligncenter size-full is-style-rounded is-style-rounded--3\"><img loading=\"lazy\" decoding=\"async\" width=\"645\" height=\"220\" src=\"https:\/\/influx8.de\/wp-content\/uploads\/2024\/12\/bga-connector-1.png\" alt=\"\" class=\"wp-image-153\" style=\"aspect-ratio:4\/3;object-fit:contain\" srcset=\"https:\/\/influx8.de\/wp-content\/uploads\/2024\/12\/bga-connector-1.png 645w, https:\/\/influx8.de\/wp-content\/uploads\/2024\/12\/bga-connector-1-300x102.png 300w\" sizes=\"auto, (max-width: 645px) 100vw, 645px\" \/><\/figure>\n<\/div>\n<\/div>\n<\/div>\n\n\n\n<div class=\"wp-block-group alignfull has-accent-5-background-color has-background has-global-padding is-layout-constrained wp-container-core-group-is-layout-d89aad35 wp-block-group-is-layout-constrained\" style=\"margin-top:0;margin-bottom:0;padding-top:var(--wp--preset--spacing--50);padding-right:var(--wp--preset--spacing--50);padding-bottom:var(--wp--preset--spacing--50);padding-left:var(--wp--preset--spacing--50)\">\n<div class=\"wp-block-columns alignwide is-layout-flex wp-container-core-columns-is-layout-1da03c2a wp-block-columns-is-layout-flex\">\n<div class=\"wp-block-column is-vertically-aligned-center is-layout-flow wp-block-column-is-layout-flow\" style=\"flex-basis:60%\">\n<figure class=\"wp-block-image size-full is-style-rounded wp-duotone-unset-5 is-style-rounded--4\"><img loading=\"lazy\" decoding=\"async\" width=\"455\" height=\"408\" src=\"https:\/\/influx8.de\/wp-content\/uploads\/2024\/12\/bga-2.png\" alt=\"\" class=\"wp-image-154\" style=\"aspect-ratio:4\/3;object-fit:contain\" srcset=\"https:\/\/influx8.de\/wp-content\/uploads\/2024\/12\/bga-2.png 455w, https:\/\/influx8.de\/wp-content\/uploads\/2024\/12\/bga-2-300x269.png 300w\" sizes=\"auto, (max-width: 455px) 100vw, 455px\" \/><\/figure>\n<\/div>\n\n\n\n<div class=\"wp-block-column is-layout-flow wp-block-column-is-layout-flow\" style=\"flex-basis:40%\">\n<h2 class=\"wp-block-heading\"><\/h2>\n\n\n\n<p>Mit dem Carstens BGA Connector verschaffen wir einem hochintegrierten Chip die M\u00f6glichkeit,<br>seine Verbindungen in eine f\u00fcnfte Richtung herzustellen. Die Verbindungen werden nicht nur in die<br>vier Richtungen auf der Platine, sondern auch nach unten auf die andere Platine herausgef\u00fchrt. Das bedeutet, mit dem Carstens BGA Connector bringen wir die Signale des hochintegrierten Bausteins \u00fcber nur millimeterlange Verbindungen direkt in die Anwender Elektronik. Prozessorelektronik &#8222;mitten drin&#8220; in der Anwender-Elektronik und es kann ein Datenaustausch mit hoher Datenrate \u00fcber einen kurzen Weg erfolgen.<\/p>\n\n\n\n<p>Die neuen Soft- und Hardwarefunktionen erm\u00f6glichen zusammen mit den Entwicklungstools<br>effektive Entwicklungsarbeit, ohne dabei Kompromisse bei der Architektur oder Leistung<br>einzugehen.<\/p>\n\n\n\n<div class=\"wp-block-buttons is-layout-flex wp-block-buttons-is-layout-flex\"><\/div>\n<\/div>\n<\/div>\n<\/div>\n","protected":false},"excerpt":{"rendered":"<p>Carstens BGA Connector Unser innovativer &#8222;Carstens BGA Connector&#8220; kombiniert die Vorteile gemeinsamer und getrennter Leiterplatten und erm\u00f6glicht eine mechanische Verbindung sowie einen effizienten Datenaustausch mit einer beeindruckenden Datenrate von bis zu 20 GHz. In Verbindung mit unserer zuverl\u00e4ssigen Prozessorbaugruppe Z3 bietet er eine schnelle und stabile Verbindung zu den ben\u00f6tigten elektronischen Baugruppen. Dies schafft die [&hellip;]<\/p>\n","protected":false},"author":1,"featured_media":0,"parent":0,"menu_order":0,"comment_status":"closed","ping_status":"closed","template":"","meta":{"footnotes":""},"class_list":["post-151","page","type-page","status-publish","hentry"],"_links":{"self":[{"href":"https:\/\/influx8.de\/index.php?rest_route=\/wp\/v2\/pages\/151","targetHints":{"allow":["GET"]}}],"collection":[{"href":"https:\/\/influx8.de\/index.php?rest_route=\/wp\/v2\/pages"}],"about":[{"href":"https:\/\/influx8.de\/index.php?rest_route=\/wp\/v2\/types\/page"}],"author":[{"embeddable":true,"href":"https:\/\/influx8.de\/index.php?rest_route=\/wp\/v2\/users\/1"}],"replies":[{"embeddable":true,"href":"https:\/\/influx8.de\/index.php?rest_route=%2Fwp%2Fv2%2Fcomments&post=151"}],"version-history":[{"count":2,"href":"https:\/\/influx8.de\/index.php?rest_route=\/wp\/v2\/pages\/151\/revisions"}],"predecessor-version":[{"id":273,"href":"https:\/\/influx8.de\/index.php?rest_route=\/wp\/v2\/pages\/151\/revisions\/273"}],"wp:attachment":[{"href":"https:\/\/influx8.de\/index.php?rest_route=%2Fwp%2Fv2%2Fmedia&parent=151"}],"curies":[{"name":"wp","href":"https:\/\/api.w.org\/{rel}","templated":true}]}}