{"id":140,"date":"2024-12-09T16:52:16","date_gmt":"2024-12-09T15:52:16","guid":{"rendered":"https:\/\/influx8.de\/?page_id=140"},"modified":"2025-06-19T08:50:00","modified_gmt":"2025-06-19T07:50:00","slug":"ueber-uns","status":"publish","type":"page","link":"https:\/\/influx8.de\/?page_id=140","title":{"rendered":"\u00dcber uns"},"content":{"rendered":"\n<div class=\"wp-block-group alignwide is-content-justification-space-between is-layout-flex wp-container-core-group-is-layout-b585a4aa wp-block-group-is-layout-flex\">\n<div class=\"wp-block-group is-layout-flex wp-container-core-group-is-layout-7a92790e wp-block-group-is-layout-flex\"><div class=\"is-default-size wp-block-site-logo\"><a href=\"https:\/\/influx8.de\/\" class=\"custom-logo-link\" rel=\"home\"><img loading=\"lazy\" decoding=\"async\" width=\"2008\" height=\"1264\" src=\"https:\/\/influx8.de\/wp-content\/uploads\/2024\/09\/Logo_24_8.png\" class=\"custom-logo\" alt=\"Influx\" srcset=\"https:\/\/influx8.de\/wp-content\/uploads\/2024\/09\/Logo_24_8.png 2008w, https:\/\/influx8.de\/wp-content\/uploads\/2024\/09\/Logo_24_8-300x189.png 300w, https:\/\/influx8.de\/wp-content\/uploads\/2024\/09\/Logo_24_8-1024x645.png 1024w, https:\/\/influx8.de\/wp-content\/uploads\/2024\/09\/Logo_24_8-768x483.png 768w, https:\/\/influx8.de\/wp-content\/uploads\/2024\/09\/Logo_24_8-1536x967.png 1536w\" sizes=\"auto, (max-width: 2008px) 100vw, 2008px\" \/><\/a><\/div>\n\n\n<figure class=\"wp-block-image size-full is-resized\"><a href=\"https:\/\/influx8.de\/?page_id=183&amp;lang=en\"><img loading=\"lazy\" decoding=\"async\" width=\"640\" height=\"384\" src=\"https:\/\/influx8.de\/wp-content\/uploads\/2024\/09\/Flag_of_the_United_Kingdom_3-5.svg_.png\" alt=\"\" class=\"wp-image-221\" style=\"width:45px;height:auto\" srcset=\"https:\/\/influx8.de\/wp-content\/uploads\/2024\/09\/Flag_of_the_United_Kingdom_3-5.svg_.png 640w, https:\/\/influx8.de\/wp-content\/uploads\/2024\/09\/Flag_of_the_United_Kingdom_3-5.svg_-300x180.png 300w\" sizes=\"auto, (max-width: 640px) 100vw, 640px\" \/><\/a><\/figure>\n\n\n<h1 class=\"has-link-color wp-elements-d6202aa7d337f2ce08aedc8ed261a84e wp-block-site-title\"><a href=\"https:\/\/influx8.de\" target=\"_self\" rel=\"home\">Influx<\/a><\/h1><\/div>\n\n\n<nav class=\"is-responsive items-justified-right wp-block-navigation is-content-justification-right is-layout-flex wp-container-core-navigation-is-layout-f665d2b5 wp-block-navigation-is-layout-flex\" aria-label=\"Navigation 5\" \n\t\t data-wp-interactive=\"core\/navigation\" data-wp-context='{\"overlayOpenedBy\":{\"click\":false,\"hover\":false,\"focus\":false},\"type\":\"overlay\",\"roleAttribute\":\"\",\"ariaLabel\":\"Men\\u00fc\"}'><button aria-haspopup=\"dialog\" aria-label=\"Men\u00fc \u00f6ffnen\" class=\"wp-block-navigation__responsive-container-open\" \n\t\t\t\tdata-wp-on--click=\"actions.openMenuOnClick\"\n\t\t\t\tdata-wp-on--keydown=\"actions.handleMenuKeydown\"\n\t\t\t><svg width=\"24\" height=\"24\" xmlns=\"http:\/\/www.w3.org\/2000\/svg\" viewBox=\"0 0 24 24\" aria-hidden=\"true\" focusable=\"false\"><path d=\"M4 7.5h16v1.5H4z\"><\/path><path d=\"M4 15h16v1.5H4z\"><\/path><\/svg><\/button>\n\t\t\t\t<div class=\"wp-block-navigation__responsive-container\"  id=\"modal-1\" \n\t\t\t\tdata-wp-class--has-modal-open=\"state.isMenuOpen\"\n\t\t\t\tdata-wp-class--is-menu-open=\"state.isMenuOpen\"\n\t\t\t\tdata-wp-watch=\"callbacks.initMenu\"\n\t\t\t\tdata-wp-on--keydown=\"actions.handleMenuKeydown\"\n\t\t\t\tdata-wp-on--focusout=\"actions.handleMenuFocusout\"\n\t\t\t\ttabindex=\"-1\"\n\t\t\t>\n\t\t\t\t\t<div class=\"wp-block-navigation__responsive-close\" tabindex=\"-1\">\n\t\t\t\t\t\t<div class=\"wp-block-navigation__responsive-dialog\" \n\t\t\t\tdata-wp-bind--aria-modal=\"state.ariaModal\"\n\t\t\t\tdata-wp-bind--aria-label=\"state.ariaLabel\"\n\t\t\t\tdata-wp-bind--role=\"state.roleAttribute\"\n\t\t\t>\n\t\t\t\t\t\t\t<button aria-label=\"Men\u00fc schlie\u00dfen\" class=\"wp-block-navigation__responsive-container-close\" \n\t\t\t\tdata-wp-on--click=\"actions.closeMenuOnClick\"\n\t\t\t><svg xmlns=\"http:\/\/www.w3.org\/2000\/svg\" viewBox=\"0 0 24 24\" width=\"24\" height=\"24\" aria-hidden=\"true\" focusable=\"false\"><path d=\"m13.06 12 6.47-6.47-1.06-1.06L12 10.94 5.53 4.47 4.47 5.53 10.94 12l-6.47 6.47 1.06 1.06L12 13.06l6.47 6.47 1.06-1.06L13.06 12Z\"><\/path><\/svg><\/button>\n\t\t\t\t\t\t\t<div class=\"wp-block-navigation__responsive-container-content\" \n\t\t\t\tdata-wp-watch=\"callbacks.focusFirstElement\"\n\t\t\t id=\"modal-1-content\">\n\t\t\t\t\t\t\t\t<ul class=\"wp-block-navigation__container is-responsive items-justified-right wp-block-navigation\"><li class=\" wp-block-navigation-item wp-block-navigation-link\"><a class=\"wp-block-navigation-item__content\"  href=\"https:\/\/influx8.de\/?page_id=140\"><span class=\"wp-block-navigation-item__label\">\u00dcber uns<\/span><\/a><\/li><li class=\" wp-block-navigation-item wp-block-navigation-link\"><a class=\"wp-block-navigation-item__content\"  href=\"https:\/\/influx8.de\/?page_id=285\"><span class=\"wp-block-navigation-item__label\">Technische Details<\/span><\/a><\/li><li class=\" wp-block-navigation-item wp-block-navigation-link\"><a class=\"wp-block-navigation-item__content\"  href=\"https:\/\/influx8.de\/?page_id=151\"><span class=\"wp-block-navigation-item__label\">Technische L\u00f6sungen<\/span><\/a><\/li><li class=\" wp-block-navigation-item wp-block-navigation-link\"><a class=\"wp-block-navigation-item__content\"  href=\"https:\/\/influx8.de\/?page_id=110\"><span class=\"wp-block-navigation-item__label\">Datenschutzerkl\u00e4rung<\/span><\/a><\/li><\/ul>\n\t\t\t\t\t\t\t<\/div>\n\t\t\t\t\t\t<\/div>\n\t\t\t\t\t<\/div>\n\t\t\t\t<\/div><\/nav><\/div>\n\n\n\n<div class=\"wp-block-group alignfull has-accent-background-color has-background has-global-padding is-layout-constrained wp-container-core-group-is-layout-669513ed wp-block-group-is-layout-constrained\" style=\"margin-top:0;margin-bottom:0;padding-top:var(--wp--preset--spacing--50);padding-right:var(--wp--preset--spacing--50);padding-bottom:var(--wp--preset--spacing--50);padding-left:var(--wp--preset--spacing--50)\">\n<div class=\"wp-block-columns alignwide is-layout-flex wp-container-core-columns-is-layout-1da03c2a wp-block-columns-is-layout-flex\">\n<div class=\"wp-block-column is-vertically-aligned-stretch is-layout-flow wp-block-column-is-layout-flow\" style=\"flex-basis:50%\">\n<div class=\"wp-block-columns is-layout-flex wp-container-core-columns-is-layout-28f84493 wp-block-columns-is-layout-flex\">\n<div class=\"wp-block-column is-layout-flow wp-block-column-is-layout-flow\" style=\"flex-basis:100%\">\n<div class=\"wp-block-group is-vertical is-content-justification-center is-layout-flex wp-container-core-group-is-layout-5e763914 wp-block-group-is-layout-flex\" style=\"min-height:100%\">\n<p class=\"has-heading-font-family has-x-large-font-size\" style=\"line-height:1.2\"><strong>Innovative Elektronikl\u00f6sungen \u2013 Ihr Partner: Influx8 GmbH<\/strong><\/p>\n\n\n\n<p class=\"wp-container-content-9cfa9a5a\">Willkommen bei der Influx8 GmbH \u2013 Ihrem Experten f\u00fcr ma\u00dfgeschneiderte Elektronikentwicklung. <\/p>\n\n\n\n<p class=\"wp-container-content-9cfa9a5a\">Influx8 GmbH entwickelt Hightech-Elektronikger\u00e4te unter Einsatz hochintegrierter Elektronikbausteine mit integrierten Prozessoren (SoC). Dabei werden nicht nur die Leiterplatten,<br>sondern auch Mechanik, K\u00fchlung, EMV-gerechte Abschirmung und Leitungsf\u00fchrung ber\u00fccksichtigt.<\/p>\n<\/div>\n<\/div>\n<\/div>\n\n\n\n<p><\/p>\n\n\n\n<p><\/p>\n\n\n\n<p><\/p>\n\n\n\n<div class=\"wp-block-group is-vertical is-content-justification-stretch is-layout-flex wp-container-core-group-is-layout-444d5ee8 wp-block-group-is-layout-flex\" style=\"min-height:100%\">\n<div class=\"wp-block-group has-global-padding is-content-justification-left is-layout-constrained wp-container-core-group-is-layout-9fe8ed88 wp-block-group-is-layout-constrained\">\n<p class=\"wp-container-content-0733e5d0\">Setzen Sie auf Qualit\u00e4t, Effizienz und Innovation \u2013 mit der Influx8 GmbH!<\/p>\n\n\n\n<div class=\"wp-block-buttons is-layout-flex wp-block-buttons-is-layout-flex\">\n<div class=\"wp-block-button\"><a class=\"wp-block-button__link wp-element-button\" href=\"bahne@influx8.de\">Kontaktieren Sie uns<\/a><\/div>\n<\/div>\n<\/div>\n<\/div>\n<\/div>\n\n\n\n<div class=\"wp-block-column is-vertically-aligned-center is-layout-flow wp-block-column-is-layout-flow\" style=\"flex-basis:50%\">\n<figure class=\"wp-block-image size-large is-style-rounded is-style-rounded--2\"><img decoding=\"async\" src=\"https:\/\/influx8.de\/wp-content\/themes\/twentytwentyfour\/assets\/images\/museum.webp\" alt=\"A ramp along a curved wall in the Kiasma Museu, Helsinki, Finland\" style=\"aspect-ratio:3\/4;object-fit:cover\"\/><\/figure>\n<\/div>\n<\/div>\n<\/div>\n\n\n\n<div class=\"wp-block-group alignfull has-base-background-color has-background has-global-padding is-layout-constrained wp-container-core-group-is-layout-d89aad35 wp-block-group-is-layout-constrained\" style=\"margin-top:0;margin-bottom:0;padding-top:var(--wp--preset--spacing--50);padding-right:var(--wp--preset--spacing--50);padding-bottom:var(--wp--preset--spacing--50);padding-left:var(--wp--preset--spacing--50)\">\n<div class=\"wp-block-columns alignwide is-layout-flex wp-container-core-columns-is-layout-549b0c86 wp-block-columns-is-layout-flex\">\n<div class=\"wp-block-column is-layout-flow wp-block-column-is-layout-flow\" style=\"flex-basis:33.33%\">\n<figure class=\"wp-block-image size-full is-resized\"><img loading=\"lazy\" decoding=\"async\" width=\"544\" height=\"524\" src=\"https:\/\/influx8.de\/wp-content\/uploads\/2024\/12\/Roto1.png\" alt=\"\" class=\"wp-image-146\" style=\"width:311px;height:auto\" srcset=\"https:\/\/influx8.de\/wp-content\/uploads\/2024\/12\/Roto1.png 544w, https:\/\/influx8.de\/wp-content\/uploads\/2024\/12\/Roto1-300x289.png 300w\" sizes=\"auto, (max-width: 544px) 100vw, 544px\" \/><\/figure>\n<\/div>\n\n\n\n<div class=\"wp-block-column is-layout-flow wp-block-column-is-layout-flow\" style=\"flex-basis:66.66%\">\n<h2 class=\"wp-block-heading\">Effiziente Projektabwicklung und ma\u00dfgeschneiderte Entwicklung<\/h2>\n\n\n\n<p>Die Influx8 GmbH steht f\u00fcr Hightech-Entwicklung auf h\u00f6chstem Niveau \u2013 gest\u00fctzt auf \u00fcber 40 Jahre Erfahrung von Herrn Carstens und der Carstens Medizinelektronik GmbH. Dieses umfassende Know-how aus zahlreichen Technologieprojekten bildet die Basis f\u00fcr die innovativen und zuverl\u00e4ssigen L\u00f6sungen, die Influx8 heute bietet.<\/p>\n\n\n\n<p>Angesichts des zunehmenden Mangels an qualifizierten Entwicklungskr\u00e4ften reagiert Influx8 mit einem kollaborativen Ansatz: Entwicklungsprojekte werden so strukturiert, dass sie effizient auf Fachkr\u00e4fte mit unterschiedlichen Qualifikationen verteilt werden k\u00f6nnen. Das erm\u00f6glicht nicht nur eine hohe Qualit\u00e4t, sondern auch eine zeit- und kosteneffiziente Umsetzung komplexer Aufgaben.<\/p>\n\n\n\n<p>Die Zusammenarbeit mit unseren Kunden ist dabei klar strukturiert: Influx8 \u00fcbernimmt die Projektkonzeption sowie die Entwicklung anspruchsvoller SoC-L\u00f6sungen. Unsere Kunden bringen sich aktiv durch die Erstellung der begleitenden Dokumentation ein \u2013 eine essentielle Voraussetzung f\u00fcr die sp\u00e4tere Produktpflege und Weiterentwicklung. So entsteht eine partnerschaftliche Projektkultur, in der jeder Beitrag z\u00e4hlt und auf langfristigen Erfolg ausgerichtet ist.<\/p>\n<\/div>\n<\/div>\n<\/div>\n\n\n\n<div class=\"wp-block-group alignfull has-accent-5-background-color has-background has-global-padding is-layout-constrained wp-container-core-group-is-layout-d89aad35 wp-block-group-is-layout-constrained\" style=\"margin-top:0;margin-bottom:0;padding-top:var(--wp--preset--spacing--50);padding-right:var(--wp--preset--spacing--50);padding-bottom:var(--wp--preset--spacing--50);padding-left:var(--wp--preset--spacing--50)\">\n<div class=\"wp-block-columns alignwide is-layout-flex wp-container-core-columns-is-layout-1da03c2a wp-block-columns-is-layout-flex\">\n<div class=\"wp-block-column is-layout-flow wp-block-column-is-layout-flow\" style=\"flex-basis:66.66%\">\n<h2 class=\"wp-block-heading\">Flexible Integration und transparente Zusammenarbeit<\/h2>\n\n\n\n<p>Influx8 liefert seinen Kunden funktionsf\u00e4hige, zertifizierbare Prototypen inklusive aller relevanten Entwicklungsdaten und Quellcodes. Diese vollst\u00e4ndige \u00dcbergabe erm\u00f6glicht es, die weitere Produktentwicklung bis zur Serienreife eigenst\u00e4ndig und wirtschaftlich zu gestalten \u2013 ohne dauerhaft auf externe Spezialisten angewiesen zu sein.<\/p>\n\n\n\n<p>Ein besonderer Fokus liegt dabei auf der Qualit\u00e4t und Zuverl\u00e4ssigkeit der entwickelten Baugruppen. Vor allem im Bereich der Medizinelektronik, aber auch in anderen Elektronikbranchen, steht Influx8 f\u00fcr h\u00f6chste technische Standards und langfristige Stabilit\u00e4t.<\/p>\n\n\n\n<p>Ein weiterer Vorteil liegt in der durchdachten Arbeitsteilung: W\u00e4hrend Influx8 die technische Funktionalit\u00e4t und Entwicklungsleistung \u00fcbernimmt, verantworten die Kunden die wirtschaftliche Optimierung bis zur Markteinf\u00fchrung. Dieses Modell erlaubt es, innovative L\u00f6sungen zu einem fairen und kosteneffizienten Preis anzubieten \u2013 ohne Kompromisse bei der Qualit\u00e4t.<\/p>\n<\/div>\n\n\n\n<div class=\"wp-block-column is-layout-flow wp-block-column-is-layout-flow\" style=\"flex-basis:33.33%\">\n<figure class=\"wp-block-image size-full\"><img loading=\"lazy\" decoding=\"async\" width=\"927\" height=\"492\" src=\"https:\/\/influx8.de\/wp-content\/uploads\/2024\/12\/prozess.png\" alt=\"\" class=\"wp-image-147\" srcset=\"https:\/\/influx8.de\/wp-content\/uploads\/2024\/12\/prozess.png 927w, https:\/\/influx8.de\/wp-content\/uploads\/2024\/12\/prozess-300x159.png 300w, https:\/\/influx8.de\/wp-content\/uploads\/2024\/12\/prozess-768x408.png 768w\" sizes=\"auto, (max-width: 927px) 100vw, 927px\" \/><\/figure>\n<\/div>\n<\/div>\n<\/div>\n\n\n\n<div class=\"wp-block-group alignfull has-base-background-color has-background has-global-padding is-layout-constrained wp-container-core-group-is-layout-d89aad35 wp-block-group-is-layout-constrained\" style=\"margin-top:0;margin-bottom:0;padding-top:var(--wp--preset--spacing--50);padding-right:var(--wp--preset--spacing--50);padding-bottom:var(--wp--preset--spacing--50);padding-left:var(--wp--preset--spacing--50)\">\n<div class=\"wp-block-columns alignwide is-layout-flex wp-container-core-columns-is-layout-549b0c86 wp-block-columns-is-layout-flex\">\n<div class=\"wp-block-column is-layout-flow wp-block-column-is-layout-flow\" style=\"flex-basis:33.33%\">\n<figure class=\"wp-block-image size-full\"><img loading=\"lazy\" decoding=\"async\" width=\"591\" height=\"497\" src=\"https:\/\/influx8.de\/wp-content\/uploads\/2024\/12\/pro.png\" alt=\"\" class=\"wp-image-148\" srcset=\"https:\/\/influx8.de\/wp-content\/uploads\/2024\/12\/pro.png 591w, https:\/\/influx8.de\/wp-content\/uploads\/2024\/12\/pro-300x252.png 300w\" sizes=\"auto, (max-width: 591px) 100vw, 591px\" \/><\/figure>\n<\/div>\n\n\n\n<div class=\"wp-block-column is-layout-flow wp-block-column-is-layout-flow\" style=\"flex-basis:66.66%\">\n<h2 class=\"wp-block-heading\">Zielgruppe und Umsetzung<\/h2>\n\n\n\n<p>Unsere Angebote richten sich gezielt an Unternehmen und Institutionen, die bereits \u00fcber fundiertes Fachwissen verf\u00fcgen und ihre Ideen mit leistungsf\u00e4higer Hightech\u2011Elektronik sowie moderner Prozessortechnik auf das n\u00e4chste Level heben m\u00f6chten. F\u00fcr diese anspruchsvollen Partner stellt Influx8 die ideale Schnittstelle dar, denn wir verbinden vision\u00e4re Konzepte mit erprobter Engineering\u2011Kompetenz.<\/p>\n\n\n\n<p>Herzst\u00fcck dieser Innovationskraft ist unsere Z3\u2011Prozessorbaugruppe in Kombination mit dem eigens entwickelten \u201eCarstens\u202fBGA\u202fConnector\u201c. Dieses Duo schafft eine besonders schnelle und zuverl\u00e4ssige Verbindung zwischen elektronischen Baugruppen und ebnet somit den Weg f\u00fcr die unkomplizierte Integration neuer Funktionen. So lassen sich selbst komplexe Anwendungen z\u00fcgig realisieren \u2013 sicher, skalierbar und zukunftsf\u00e4hig.<\/p>\n<\/div>\n<\/div>\n<\/div>\n\n\n\n<div class=\"wp-block-group alignfull has-accent-5-background-color has-background has-global-padding is-layout-constrained wp-container-core-group-is-layout-d89aad35 wp-block-group-is-layout-constrained\" style=\"margin-top:0;margin-bottom:0;padding-top:var(--wp--preset--spacing--50);padding-right:var(--wp--preset--spacing--50);padding-bottom:var(--wp--preset--spacing--50);padding-left:var(--wp--preset--spacing--50)\">\n<div class=\"wp-block-columns alignwide is-layout-flex wp-container-core-columns-is-layout-1da03c2a wp-block-columns-is-layout-flex\">\n<div class=\"wp-block-column is-layout-flow wp-block-column-is-layout-flow\" style=\"flex-basis:66.66%\">\n<h2 class=\"wp-block-heading\">Zeit- und Kosteneffizientes Entwicklungsmodell<\/h2>\n\n\n\n<p>Die Influx8 GmbH steht f\u00fcr effiziente Hightech-Entwicklung mit System: Wir liefern qualitativ hochwertige, funktionsf\u00e4hige und zertifizierbare Prototypen, die den spezifischen Anforderungen unserer Kunden gerecht werden \u2013 zuverl\u00e4ssig, durchdacht und bereit f\u00fcr die Weiterentwicklung zur Serienreife. Unsere klare Arbeitsteilung, technologische Innovationskraft und langj\u00e4hrige Erfahrung erm\u00f6glichen nicht nur exzellente Ergebnisse, sondern auch eine wirtschaftlich sinnvolle Umsetzung. So schaffen wir L\u00f6sungen, die nicht nur technisch \u00fcberzeugen, sondern auch nachhaltig Wert schaffen.<br><br><\/p>\n<\/div>\n\n\n\n<div class=\"wp-block-column is-layout-flow wp-block-column-is-layout-flow\" style=\"flex-basis:33.33%\">\n<figure class=\"wp-block-image size-large\"><img loading=\"lazy\" decoding=\"async\" width=\"1024\" height=\"819\" src=\"https:\/\/influx8.de\/wp-content\/uploads\/2024\/12\/class-2171050_1280-1024x819.jpg\" alt=\"\" class=\"wp-image-149\" srcset=\"https:\/\/influx8.de\/wp-content\/uploads\/2024\/12\/class-2171050_1280-1024x819.jpg 1024w, https:\/\/influx8.de\/wp-content\/uploads\/2024\/12\/class-2171050_1280-300x240.jpg 300w, https:\/\/influx8.de\/wp-content\/uploads\/2024\/12\/class-2171050_1280-768x614.jpg 768w, https:\/\/influx8.de\/wp-content\/uploads\/2024\/12\/class-2171050_1280.jpg 1280w\" sizes=\"auto, (max-width: 1024px) 100vw, 1024px\" \/><\/figure>\n<\/div>\n<\/div>\n<\/div>\n","protected":false},"excerpt":{"rendered":"<p>Innovative Elektronikl\u00f6sungen \u2013 Ihr Partner: Influx8 GmbH Willkommen bei der Influx8 GmbH \u2013 Ihrem Experten f\u00fcr ma\u00dfgeschneiderte Elektronikentwicklung. Influx8 GmbH entwickelt Hightech-Elektronikger\u00e4te unter Einsatz hochintegrierter Elektronikbausteine mit integrierten Prozessoren (SoC). Dabei werden nicht nur die Leiterplatten,sondern auch Mechanik, K\u00fchlung, EMV-gerechte Abschirmung und Leitungsf\u00fchrung ber\u00fccksichtigt. Setzen Sie auf Qualit\u00e4t, Effizienz und Innovation \u2013 mit der Influx8 [&hellip;]<\/p>\n","protected":false},"author":1,"featured_media":0,"parent":0,"menu_order":0,"comment_status":"closed","ping_status":"closed","template":"","meta":{"footnotes":""},"class_list":["post-140","page","type-page","status-publish","hentry"],"_links":{"self":[{"href":"https:\/\/influx8.de\/index.php?rest_route=\/wp\/v2\/pages\/140","targetHints":{"allow":["GET"]}}],"collection":[{"href":"https:\/\/influx8.de\/index.php?rest_route=\/wp\/v2\/pages"}],"about":[{"href":"https:\/\/influx8.de\/index.php?rest_route=\/wp\/v2\/types\/page"}],"author":[{"embeddable":true,"href":"https:\/\/influx8.de\/index.php?rest_route=\/wp\/v2\/users\/1"}],"replies":[{"embeddable":true,"href":"https:\/\/influx8.de\/index.php?rest_route=%2Fwp%2Fv2%2Fcomments&post=140"}],"version-history":[{"count":10,"href":"https:\/\/influx8.de\/index.php?rest_route=\/wp\/v2\/pages\/140\/revisions"}],"predecessor-version":[{"id":329,"href":"https:\/\/influx8.de\/index.php?rest_route=\/wp\/v2\/pages\/140\/revisions\/329"}],"wp:attachment":[{"href":"https:\/\/influx8.de\/index.php?rest_route=%2Fwp%2Fv2%2Fmedia&parent=140"}],"curies":[{"name":"wp","href":"https:\/\/api.w.org\/{rel}","templated":true}]}}